{"id":12392,"date":"2024-01-10T16:05:47","date_gmt":"2024-01-10T15:05:47","guid":{"rendered":"https:\/\/www.atcnovaduchonka.sk\/?page_id=12392"},"modified":"2026-04-15T17:05:27","modified_gmt":"2026-04-15T15:05:27","slug":"festivaly","status":"publish","type":"page","link":"https:\/\/www.atcnovaduchonka.sk\/en\/festivaly\/","title":{"rendered":"FESTIVALS"},"content":{"rendered":"<p class=\"has-text-align-center\"><strong>FESTIVALS 2026 NEW DUCHONKA<\/strong> <\/p>\n\n\n\n<p class=\"has-text-align-center\">This year too, our grounds will become the venue for popular events for all fans of camping, outdoor activities and travelling. Come and enjoy the unique atmosphere of community gatherings in the beautiful surroundings of Duchonka. You can look forward to a rich programme, interesting guests and evening get-togethers around a communal campfire.<br><\/p>","protected":false},"excerpt":{"rendered":"<p>FESTIVALY 2026 NOV\u00c1 DUCHONKA Aj tento rok sa n\u00e1\u0161 are\u00e1l stane dejiskom ob\u013e\u00faben\u00fdch podujat\u00ed pre v\u0161etk\u00fdch fan\u00fa\u0161ikov kempovania, outdooru a cestovania. Pr\u00ed\u010fte si u\u017ei\u0165 neopakovate\u013en\u00fa atmosf\u00e9ru komunitn\u00fdch stretnut\u00ed v kr\u00e1snom prostred\u00ed Duchonky. Te\u0161i\u0165 sa m\u00f4\u017eete na bohat\u00fd program, zauj\u00edmav\u00fdch host\u00ed a ve\u010dern\u00e9 posedenia pri spolo\u010dnom t\u00e1bor\u00e1ku.<\/p>","protected":false},"author":4,"featured_media":0,"parent":0,"menu_order":0,"comment_status":"closed","ping_status":"closed","template":"","meta":{"footnotes":""},"class_list":["post-12392","page","type-page","status-publish","hentry"],"_links":{"self":[{"href":"https:\/\/www.atcnovaduchonka.sk\/en\/wp-json\/wp\/v2\/pages\/12392","targetHints":{"allow":["GET"]}}],"collection":[{"href":"https:\/\/www.atcnovaduchonka.sk\/en\/wp-json\/wp\/v2\/pages"}],"about":[{"href":"https:\/\/www.atcnovaduchonka.sk\/en\/wp-json\/wp\/v2\/types\/page"}],"author":[{"embeddable":true,"href":"https:\/\/www.atcnovaduchonka.sk\/en\/wp-json\/wp\/v2\/users\/4"}],"replies":[{"embeddable":true,"href":"https:\/\/www.atcnovaduchonka.sk\/en\/wp-json\/wp\/v2\/comments?post=12392"}],"version-history":[{"count":5,"href":"https:\/\/www.atcnovaduchonka.sk\/en\/wp-json\/wp\/v2\/pages\/12392\/revisions"}],"predecessor-version":[{"id":52390,"href":"https:\/\/www.atcnovaduchonka.sk\/en\/wp-json\/wp\/v2\/pages\/12392\/revisions\/52390"}],"wp:attachment":[{"href":"https:\/\/www.atcnovaduchonka.sk\/en\/wp-json\/wp\/v2\/media?parent=12392"}],"curies":[{"name":"wp","href":"https:\/\/api.w.org\/{rel}","templated":true}]}}