{"id":51828,"date":"2026-03-28T14:28:26","date_gmt":"2026-03-28T13:28:26","guid":{"rendered":"https:\/\/www.atcnovaduchonka.sk\/?page_id=51828"},"modified":"2026-04-28T21:05:35","modified_gmt":"2026-04-28T19:05:35","slug":"prichod-do-kempu-a-faq","status":"publish","type":"page","link":"https:\/\/www.atcnovaduchonka.sk\/en\/prichod-do-kempu-a-faq\/","title":{"rendered":"Arrival at the campsite and frequently asked questions"},"content":{"rendered":"<h4 class=\"wp-block-heading has-text-align-center\">Welcome to ATC Nov\u00e1 Duchonka!<\/h4>\n\n\n\n<p class=\"has-text-align-center\">To ensure your arrival during the 2026 season is a smooth as possible, we have prepared a brief guide on how things work here.<\/p>\n\n\n\n<p><\/p>","protected":false},"excerpt":{"rendered":"<p>Vitajte v ATC Nov\u00e1 Duchonka! Aby bol v\u00e1\u0161 pr\u00edchod v sez\u00f3ne 2026 \u010do najhlad\u0161\u00ed, pripravili sme pre v\u00e1s stru\u010dn\u00fd n\u00e1vod, ako to u n\u00e1s funguje.<\/p>","protected":false},"author":4,"featured_media":0,"parent":0,"menu_order":0,"comment_status":"closed","ping_status":"closed","template":"","meta":{"footnotes":""},"class_list":["post-51828","page","type-page","status-publish","hentry"],"_links":{"self":[{"href":"https:\/\/www.atcnovaduchonka.sk\/en\/wp-json\/wp\/v2\/pages\/51828","targetHints":{"allow":["GET"]}}],"collection":[{"href":"https:\/\/www.atcnovaduchonka.sk\/en\/wp-json\/wp\/v2\/pages"}],"about":[{"href":"https:\/\/www.atcnovaduchonka.sk\/en\/wp-json\/wp\/v2\/types\/page"}],"author":[{"embeddable":true,"href":"https:\/\/www.atcnovaduchonka.sk\/en\/wp-json\/wp\/v2\/users\/4"}],"replies":[{"embeddable":true,"href":"https:\/\/www.atcnovaduchonka.sk\/en\/wp-json\/wp\/v2\/comments?post=51828"}],"version-history":[{"count":5,"href":"https:\/\/www.atcnovaduchonka.sk\/en\/wp-json\/wp\/v2\/pages\/51828\/revisions"}],"predecessor-version":[{"id":52461,"href":"https:\/\/www.atcnovaduchonka.sk\/en\/wp-json\/wp\/v2\/pages\/51828\/revisions\/52461"}],"wp:attachment":[{"href":"https:\/\/www.atcnovaduchonka.sk\/en\/wp-json\/wp\/v2\/media?parent=51828"}],"curies":[{"name":"wp","href":"https:\/\/api.w.org\/{rel}","templated":true}]}}